{"id":149,"date":"2026-02-11T09:01:32","date_gmt":"2026-02-11T09:01:32","guid":{"rendered":"https:\/\/leaoja.fi\/public_html\/cgi-bin\/?page_id=149"},"modified":"2026-03-03T08:45:09","modified_gmt":"2026-03-03T08:45:09","slug":"minusta","status":"publish","type":"page","link":"https:\/\/leaoja.fi\/?page_id=149","title":{"rendered":"Minusta"},"content":{"rendered":"\n<p>Olen Lea Oja, neuropsykologi ja psykoterapeutti. Olen ollut nuoresta asti kiinnostunut ihmisen mielest\u00e4. Uteliaisuus ja halu ymm\u00e4rt\u00e4\u00e4 ihmisen mielt\u00e4 ja vuorovaikutusta ovat motivoineet minua opiskelemaan ja kouluttautumaan mahdollisimman monipuolisesti. Tavoitteenani on kohdata ihminen kokonaisuutena ja auttaa eteenp\u00e4in erilaisissa el\u00e4m\u00e4ntilanteissa. Syd\u00e4nt\u00e4ni l\u00e4hell\u00e4 ovat el\u00e4imet, luonto sek\u00e4 liikunta, joiden parissa viet\u00e4n suuren osan vapaa-ajastani. Suhde liikuntaan on vuosien varrella muovautunut el\u00e4m\u00e4ntavaksi, jossa el\u00e4mykset ja kokonaisvaltainen hyvinvointi on merkityksellisint\u00e4.\u00a0\u00a0Minulla on kaksi koiraa, jotka toimivat ajoittain ty\u00f6parinani.\u00a0<\/p>\n\n\n\n<figure class=\"wp-block-image size-large\"><img loading=\"lazy\" decoding=\"async\" width=\"683\" height=\"1024\" src=\"https:\/\/leaoja.fi\/public_html\/cgi-bin\/wp-content\/uploads\/2025\/10\/610A5606-683x1024.jpg\" alt=\"\" class=\"wp-image-30\" srcset=\"https:\/\/leaoja.fi\/wp-content\/uploads\/2025\/10\/610A5606-683x1024.jpg 683w, https:\/\/leaoja.fi\/wp-content\/uploads\/2025\/10\/610A5606-200x300.jpg 200w, https:\/\/leaoja.fi\/wp-content\/uploads\/2025\/10\/610A5606-768x1152.jpg 768w, https:\/\/leaoja.fi\/wp-content\/uploads\/2025\/10\/610A5606-1024x1536.jpg 1024w, https:\/\/leaoja.fi\/wp-content\/uploads\/2025\/10\/610A5606-1365x2048.jpg 1365w, https:\/\/leaoja.fi\/wp-content\/uploads\/2025\/10\/610A5606-scaled.jpg 1707w\" sizes=\"auto, (max-width: 683px) 100vw, 683px\" \/><\/figure>\n","protected":false},"excerpt":{"rendered":"<p>Olen Lea Oja, neuropsykologi ja psykoterapeutti. Olen ollut nuoresta asti kiinnostunut ihmisen mielest\u00e4. Uteliaisuus ja halu ymm\u00e4rt\u00e4\u00e4 ihmisen mielt\u00e4 ja vuorovaikutusta ovat motivoineet minua opiskelemaan ja kouluttautumaan mahdollisimman monipuolisesti. Tavoitteenani on kohdata ihminen kokonaisuutena ja auttaa eteenp\u00e4in erilaisissa el\u00e4m\u00e4ntilanteissa. Syd\u00e4nt\u00e4ni l\u00e4hell\u00e4 ovat el\u00e4imet, luonto sek\u00e4 liikunta, joiden parissa viet\u00e4n suuren osan vapaa-ajastani. Suhde liikuntaan on&#8230;<\/p>\n","protected":false},"author":1,"featured_media":0,"parent":0,"menu_order":2,"comment_status":"closed","ping_status":"closed","template":"","meta":{"_kadence_starter_templates_imported_post":false,"_kad_post_transparent":"","_kad_post_title":"","_kad_post_layout":"","_kad_post_sidebar_id":"","_kad_post_content_style":"","_kad_post_vertical_padding":"","_kad_post_feature":"","_kad_post_feature_position":"","_kad_post_header":false,"_kad_post_footer":false,"_kad_post_classname":"","footnotes":""},"class_list":["post-149","page","type-page","status-publish","hentry"],"_links":{"self":[{"href":"https:\/\/leaoja.fi\/index.php?rest_route=\/wp\/v2\/pages\/149","targetHints":{"allow":["GET"]}}],"collection":[{"href":"https:\/\/leaoja.fi\/index.php?rest_route=\/wp\/v2\/pages"}],"about":[{"href":"https:\/\/leaoja.fi\/index.php?rest_route=\/wp\/v2\/types\/page"}],"author":[{"embeddable":true,"href":"https:\/\/leaoja.fi\/index.php?rest_route=\/wp\/v2\/users\/1"}],"replies":[{"embeddable":true,"href":"https:\/\/leaoja.fi\/index.php?rest_route=%2Fwp%2Fv2%2Fcomments&post=149"}],"version-history":[{"count":2,"href":"https:\/\/leaoja.fi\/index.php?rest_route=\/wp\/v2\/pages\/149\/revisions"}],"predecessor-version":[{"id":152,"href":"https:\/\/leaoja.fi\/index.php?rest_route=\/wp\/v2\/pages\/149\/revisions\/152"}],"wp:attachment":[{"href":"https:\/\/leaoja.fi\/index.php?rest_route=%2Fwp%2Fv2%2Fmedia&parent=149"}],"curies":[{"name":"wp","href":"https:\/\/api.w.org\/{rel}","templated":true}]}}