{"id":153,"date":"2026-02-11T09:06:32","date_gmt":"2026-02-11T09:06:32","guid":{"rendered":"https:\/\/leaoja.fi\/public_html\/cgi-bin\/?page_id=153"},"modified":"2026-03-03T08:46:03","modified_gmt":"2026-03-03T08:46:03","slug":"koulutus","status":"publish","type":"page","link":"https:\/\/leaoja.fi\/?page_id=153","title":{"rendered":"Koulutus"},"content":{"rendered":"\n<p>Koulutukseltani olen neuropsykologian erikoispsykologi ja kognitiivis-integratiivinen psykoterapeutti. Minulla on my\u00f6s kliinisen neuropsykologian ty\u00f6nohjaajap\u00e4tevyys. Pyrin k\u00e4ym\u00e4\u00e4n mielenkiinnon ja tarpeen mukaan t\u00e4ydennyskoulutuksissa, ja yll\u00e4pid\u00e4n sek\u00e4 kehit\u00e4n osaamistani jatkuvasti. Keskeisimpin\u00e4 pidempin\u00e4 t\u00e4ydennyskoulutuksina minulla on lyhytterapeuttisen ty\u00f6otteen koulutus, psykofyysisen psykoterapian perusopinnot sek\u00e4 kognitiivisen hypnoterapian peruskoulutus. Lis\u00e4ksi olen k\u00e4ynyt mm. tunnekeskeisen ty\u00f6skentelyn ja kroonisen h\u00e4pe\u00e4n hoitamisen syvent\u00e4vi\u00e4 koulutusp\u00e4ivi\u00e4. Kehollisen orientaation ohella minua kiinnostaa my\u00f6s urheilupsykologia.\u00a0<\/p>\n\n\n\n<figure class=\"wp-block-image size-large\"><img loading=\"lazy\" decoding=\"async\" width=\"683\" height=\"1024\" src=\"https:\/\/leaoja.fi\/public_html\/cgi-bin\/wp-content\/uploads\/2025\/10\/610A5654-1-683x1024.jpg\" alt=\"\" class=\"wp-image-46\" srcset=\"https:\/\/leaoja.fi\/wp-content\/uploads\/2025\/10\/610A5654-1-683x1024.jpg 683w, https:\/\/leaoja.fi\/wp-content\/uploads\/2025\/10\/610A5654-1-200x300.jpg 200w, https:\/\/leaoja.fi\/wp-content\/uploads\/2025\/10\/610A5654-1-768x1152.jpg 768w, https:\/\/leaoja.fi\/wp-content\/uploads\/2025\/10\/610A5654-1-1024x1536.jpg 1024w, https:\/\/leaoja.fi\/wp-content\/uploads\/2025\/10\/610A5654-1-1365x2048.jpg 1365w, https:\/\/leaoja.fi\/wp-content\/uploads\/2025\/10\/610A5654-1-scaled.jpg 1707w\" sizes=\"auto, (max-width: 683px) 100vw, 683px\" \/><\/figure>\n","protected":false},"excerpt":{"rendered":"<p>Koulutukseltani olen neuropsykologian erikoispsykologi ja kognitiivis-integratiivinen psykoterapeutti. Minulla on my\u00f6s kliinisen neuropsykologian ty\u00f6nohjaajap\u00e4tevyys. Pyrin k\u00e4ym\u00e4\u00e4n mielenkiinnon ja tarpeen mukaan t\u00e4ydennyskoulutuksissa, ja yll\u00e4pid\u00e4n sek\u00e4 kehit\u00e4n osaamistani jatkuvasti. Keskeisimpin\u00e4 pidempin\u00e4 t\u00e4ydennyskoulutuksina minulla on lyhytterapeuttisen ty\u00f6otteen koulutus, psykofyysisen psykoterapian perusopinnot sek\u00e4 kognitiivisen hypnoterapian peruskoulutus. Lis\u00e4ksi olen k\u00e4ynyt mm. tunnekeskeisen ty\u00f6skentelyn ja kroonisen h\u00e4pe\u00e4n hoitamisen syvent\u00e4vi\u00e4 koulutusp\u00e4ivi\u00e4. Kehollisen orientaation&#8230;<\/p>\n","protected":false},"author":1,"featured_media":0,"parent":0,"menu_order":3,"comment_status":"closed","ping_status":"closed","template":"","meta":{"_kadence_starter_templates_imported_post":false,"_kad_post_transparent":"","_kad_post_title":"","_kad_post_layout":"","_kad_post_sidebar_id":"","_kad_post_content_style":"","_kad_post_vertical_padding":"","_kad_post_feature":"","_kad_post_feature_position":"","_kad_post_header":false,"_kad_post_footer":false,"_kad_post_classname":"","footnotes":""},"class_list":["post-153","page","type-page","status-publish","hentry"],"_links":{"self":[{"href":"https:\/\/leaoja.fi\/index.php?rest_route=\/wp\/v2\/pages\/153","targetHints":{"allow":["GET"]}}],"collection":[{"href":"https:\/\/leaoja.fi\/index.php?rest_route=\/wp\/v2\/pages"}],"about":[{"href":"https:\/\/leaoja.fi\/index.php?rest_route=\/wp\/v2\/types\/page"}],"author":[{"embeddable":true,"href":"https:\/\/leaoja.fi\/index.php?rest_route=\/wp\/v2\/users\/1"}],"replies":[{"embeddable":true,"href":"https:\/\/leaoja.fi\/index.php?rest_route=%2Fwp%2Fv2%2Fcomments&post=153"}],"version-history":[{"count":1,"href":"https:\/\/leaoja.fi\/index.php?rest_route=\/wp\/v2\/pages\/153\/revisions"}],"predecessor-version":[{"id":154,"href":"https:\/\/leaoja.fi\/index.php?rest_route=\/wp\/v2\/pages\/153\/revisions\/154"}],"wp:attachment":[{"href":"https:\/\/leaoja.fi\/index.php?rest_route=%2Fwp%2Fv2%2Fmedia&parent=153"}],"curies":[{"name":"wp","href":"https:\/\/api.w.org\/{rel}","templated":true}]}}