{"id":155,"date":"2026-02-11T09:09:02","date_gmt":"2026-02-11T09:09:02","guid":{"rendered":"https:\/\/leaoja.fi\/public_html\/cgi-bin\/?page_id=155"},"modified":"2026-03-03T08:46:25","modified_gmt":"2026-03-03T08:46:25","slug":"tyokokemus","status":"publish","type":"page","link":"https:\/\/leaoja.fi\/?page_id=155","title":{"rendered":"Ty\u00f6kokemus"},"content":{"rendered":"\n<p>Olen ty\u00f6skennellyt erikoissairaanhoidossa yhteens\u00e4 7 vuoden ajan. Lis\u00e4ksi minulla on kokemusta yksityispuolella neuropsykologina sek\u00e4 psykoterapeuttina ty\u00f6skentelyst\u00e4 yhteens\u00e4 noin 10 vuotta. Osaamisaluettani ovat erityisesti neuropsykiatristen oirekuvien arviointi ja kuntouttaminen. Minulla on my\u00f6s pitk\u00e4 kokemus erilaisten kehityksellisten haasteiden ja oppimisvaikeuksien arvioinnista sek\u00e4 kuntouttamisesta.<\/p>\n\n\n\n<p>Psykoterapeuttina olen erityisen kiinnostunut ylikuormittumisen, unen ja uupumuksen hoidosta sek\u00e4 kehollisesta ty\u00f6skentelyst\u00e4. Neuropsykologina ty\u00f6skentelen kaikenik\u00e4isten kanssa. Psykoterapiaan vastaanotolleni voi tulla 16-vuotiaasta l\u00e4htien. Sinulla ei tarvitse olla mit\u00e4\u00e4n tietty\u00e4 diagnoosia hakeutuessasi vastaanotolleni, aivan tavalliset el\u00e4m\u00e4n kysymykset ja kipukohdat ovat riitt\u00e4v\u00e4 syy ottaa yhteytt\u00e4, mik\u00e4li koet, etteiv\u00e4t omat voimavarat ja ty\u00f6kalut riit\u00e4 asioiden k\u00e4sittelemiseen.<\/p>\n\n\n\n<figure class=\"wp-block-image size-large\"><img loading=\"lazy\" decoding=\"async\" width=\"683\" height=\"1024\" src=\"https:\/\/leaoja.fi\/public_html\/cgi-bin\/wp-content\/uploads\/2025\/10\/610A5718-683x1024.jpg\" alt=\"\" class=\"wp-image-41\" srcset=\"https:\/\/leaoja.fi\/wp-content\/uploads\/2025\/10\/610A5718-683x1024.jpg 683w, https:\/\/leaoja.fi\/wp-content\/uploads\/2025\/10\/610A5718-200x300.jpg 200w, https:\/\/leaoja.fi\/wp-content\/uploads\/2025\/10\/610A5718-768x1152.jpg 768w, https:\/\/leaoja.fi\/wp-content\/uploads\/2025\/10\/610A5718-1024x1536.jpg 1024w, https:\/\/leaoja.fi\/wp-content\/uploads\/2025\/10\/610A5718-1365x2048.jpg 1365w, https:\/\/leaoja.fi\/wp-content\/uploads\/2025\/10\/610A5718-scaled.jpg 1707w\" sizes=\"auto, (max-width: 683px) 100vw, 683px\" \/><\/figure>\n","protected":false},"excerpt":{"rendered":"<p>Olen ty\u00f6skennellyt erikoissairaanhoidossa yhteens\u00e4 7 vuoden ajan. Lis\u00e4ksi minulla on kokemusta yksityispuolella neuropsykologina sek\u00e4 psykoterapeuttina ty\u00f6skentelyst\u00e4 yhteens\u00e4 noin 10 vuotta. Osaamisaluettani ovat erityisesti neuropsykiatristen oirekuvien arviointi ja kuntouttaminen. Minulla on my\u00f6s pitk\u00e4 kokemus erilaisten kehityksellisten haasteiden ja oppimisvaikeuksien arvioinnista sek\u00e4 kuntouttamisesta. Psykoterapeuttina olen erityisen kiinnostunut ylikuormittumisen, unen ja uupumuksen hoidosta sek\u00e4 kehollisesta ty\u00f6skentelyst\u00e4. Neuropsykologina ty\u00f6skentelen&#8230;<\/p>\n","protected":false},"author":1,"featured_media":0,"parent":0,"menu_order":4,"comment_status":"closed","ping_status":"closed","template":"","meta":{"_kadence_starter_templates_imported_post":false,"_kad_post_transparent":"","_kad_post_title":"","_kad_post_layout":"","_kad_post_sidebar_id":"","_kad_post_content_style":"","_kad_post_vertical_padding":"","_kad_post_feature":"","_kad_post_feature_position":"","_kad_post_header":false,"_kad_post_footer":false,"_kad_post_classname":"","footnotes":""},"class_list":["post-155","page","type-page","status-publish","hentry"],"_links":{"self":[{"href":"https:\/\/leaoja.fi\/index.php?rest_route=\/wp\/v2\/pages\/155","targetHints":{"allow":["GET"]}}],"collection":[{"href":"https:\/\/leaoja.fi\/index.php?rest_route=\/wp\/v2\/pages"}],"about":[{"href":"https:\/\/leaoja.fi\/index.php?rest_route=\/wp\/v2\/types\/page"}],"author":[{"embeddable":true,"href":"https:\/\/leaoja.fi\/index.php?rest_route=\/wp\/v2\/users\/1"}],"replies":[{"embeddable":true,"href":"https:\/\/leaoja.fi\/index.php?rest_route=%2Fwp%2Fv2%2Fcomments&post=155"}],"version-history":[{"count":1,"href":"https:\/\/leaoja.fi\/index.php?rest_route=\/wp\/v2\/pages\/155\/revisions"}],"predecessor-version":[{"id":156,"href":"https:\/\/leaoja.fi\/index.php?rest_route=\/wp\/v2\/pages\/155\/revisions\/156"}],"wp:attachment":[{"href":"https:\/\/leaoja.fi\/index.php?rest_route=%2Fwp%2Fv2%2Fmedia&parent=155"}],"curies":[{"name":"wp","href":"https:\/\/api.w.org\/{rel}","templated":true}]}}