{"id":157,"date":"2026-02-11T09:20:31","date_gmt":"2026-02-11T09:20:31","guid":{"rendered":"https:\/\/leaoja.fi\/public_html\/cgi-bin\/?page_id=157"},"modified":"2026-03-03T08:46:49","modified_gmt":"2026-03-03T08:46:49","slug":"palvelut","status":"publish","type":"page","link":"https:\/\/leaoja.fi\/?page_id=157","title":{"rendered":"Palvelut"},"content":{"rendered":"\n<p>Neuropsykologinen kuntoutus<\/p>\n\n\n\n<p>Neuropsykologinen kuntoutus pohjautuu kattavaan neuropsykologiseen tutkimukseen ja ymm\u00e4rrykseen yksil\u00f6n vahvuuksista ja vaikeuksista. Ty\u00f6skentelen neuropsykoterapeuttisella otteella, jossa yhteisty\u00f6suhde ja terapeuttiset tavoitteet painottuvat, asiakas kohdataan kokonaisvaltaisesti ja yhdistet\u00e4\u00e4n kognitiivista harjoittelua asiakkaan tarpeiden mukaisesti. Alussa asetetaan yhdess\u00e4 asiakkaan sek\u00e4 lasten ja nuorten kohdalla vanhempien kanssa keskeiset tavoitteet kuntoutukselle. Verkostoty\u00f6 on osa kuntoutusta erityisesti lasten ja nuorten kohdalla. My\u00f6s aikuisten kohdalla verkoston kanssa tai l\u00e4heisten kanssa tapaaminen voi tulla kyseeseen. Kuntoutus on s\u00e4\u00e4nn\u00f6llist\u00e4 ja kesto m\u00e4\u00e4r\u00e4ytyy yksil\u00f6n tilanteen ja tarpeen mukaan.  Kuntoutukseen voi tulla hyvinvointialueen maksusitoumuksella, Kelan harkinnanvaraisena kuntoutuksena (16-vuotiaasta yl\u00f6sp\u00e4in), vakuutusyhti\u00f6n maksusitoumuksella tai itse maksavana.\u00a0<\/p>\n\n\n\n<p>Psykoterapia<\/p>\n\n\n\n<p>Psykoterapiassa l\u00e4ht\u00f6kohtana on asiakkaan ja psykoterapeutin v\u00e4linen turvallinen yhteisty\u00f6suhde, jossa voidaan yhdess\u00e4 tarkastella asiakkaan kokemusmaailmaa. Psykoterapia on matka, jota kuljetaan asiakkaan tahdissa, yhdess\u00e4 navigoiden kohti yksil\u00f6n arvoja vastaavia tavoitteita. Psykoterapeuttina olen l\u00e4mmin ja tilaa antava sek\u00e4 aktiivinen. Pyrimme terapian alussa muodostamaan selke\u00e4n k\u00e4sityksen asiakkaan tilanteesta, usein visuaalisesti j\u00e4sent\u00e4en. Ty\u00f6skentelyotteeni on integratiivinen, kehosuuntautunut ja yhdistelen osaamistani asiakasl\u00e4ht\u00f6isesti. Kognitiiviset terapiat ovat emotionaalisten ja toiminnallisten h\u00e4iri\u00f6iden hoitoon kehitettyj\u00e4 psykologisia hoitomuotoja, joiden turvallisuudesta ja tuloksellisuudesta on paljon tieteellisesti dokumentoitua n\u00e4ytt\u00f6\u00e4. Kognitiivis-integratiiviselle suuntaukselle on ominaista, ett\u00e4 siin\u00e4 yhdistell\u00e4\u00e4n erilaisia hoidollisia elementtej\u00e4, kuten tunnesuuntautuneita ja kokemuksellisia ty\u00f6skentelytapoja, kognitiivisten ja metakognitiivisten prosessien k\u00e4sittely\u00e4 sek\u00e4 k\u00e4ytt\u00e4ytymisterapeuttisia interventioita ja yhteisty\u00f6suhteen hy\u00f6dynt\u00e4mist\u00e4 muutoksen v\u00e4lineen\u00e4. Psykoterapiaan voit hakeutua hyvinvointialueen maksusitoumuksella, Kelan kuntoutuspsykoterapiaan (16-vuotiaasta yl\u00f6sp\u00e4in) tai itse maksavana.&nbsp;<\/p>\n\n\n\n<p>Ty\u00f6nohjaus<\/p>\n\n\n\n<p>Olen kliinisen neuropsykologian ty\u00f6nohjaaja ja minulla on kokemusta sek\u00e4 yksil\u00f6- ett\u00e4 ryhm\u00e4ty\u00f6nohjauksesta. Kliinisen neuropsykologian ty\u00f6nohjaus kohdentuu erityisesti neuropsykologiseen arviointi- ja kuntoutusty\u00f6h\u00f6n. Kokemukseni psykiatrian puolelta osana moniammatillista ty\u00f6ryhm\u00e4\u00e4 ja nepsy-ty\u00f6ryhm\u00e4\u00e4 on tuonut minulle osaamista erityisesti neuropsykiatristen ja psykiatristen oirekuvien neuropsykologisesta ja psykologisesta erotusdiagnostiikasta. Laaja-alaiset tutkimukset neuropsykologisten toimintojen, neuropsykiatristen piirteiden ja tunne-el\u00e4m\u00e4n sek\u00e4 persoonallisuuden osalta ovat minulle tuttuja. Ty\u00f6nohjaukseen minulle voi tulla psykologit ja neuropsykologit, jotka ty\u00f6skentelev\u00e4t eri ik\u00e4isten asiakkaiden kanssa.&nbsp;<\/p>\n\n\n\n<p>Ohjausk\u00e4ynnit<\/p>\n\n\n\n<p>Ohjausk\u00e4ynneill\u00e4 voidaan tarkastella erilaisia kysymyksi\u00e4 tai arjen solmukohtia asiakkaan tarpeesta l\u00e4htien. Ohjausk\u00e4ynnit ovat fokusoituja lyhytkestoisia ohjausjaksoja, joiden tavoitteena on tukea yksil\u00f6n itseymm\u00e4rryst\u00e4 ja toimijuutta psykoedukaation ja toimitakyky\u00e4 tukevien toimintamallien harjoittelun kautta. Keskeisen\u00e4 elementtin\u00e4 erityisesti lasten ja nuorten kohdalla on verkostojen kanssa teht\u00e4v\u00e4 ty\u00f6 sek\u00e4 tukitoimien suunnittelu yhdess\u00e4 verkostojen kanssa arkiymp\u00e4rist\u00f6\u00e4 tukevaksi.&nbsp;<\/p>\n\n\n\n<p><\/p>\n","protected":false},"excerpt":{"rendered":"<p>Neuropsykologinen kuntoutus Neuropsykologinen kuntoutus pohjautuu kattavaan neuropsykologiseen tutkimukseen ja ymm\u00e4rrykseen yksil\u00f6n vahvuuksista ja vaikeuksista. Ty\u00f6skentelen neuropsykoterapeuttisella otteella, jossa yhteisty\u00f6suhde ja terapeuttiset tavoitteet painottuvat, asiakas kohdataan kokonaisvaltaisesti ja yhdistet\u00e4\u00e4n kognitiivista harjoittelua asiakkaan tarpeiden mukaisesti. Alussa asetetaan yhdess\u00e4 asiakkaan sek\u00e4 lasten ja nuorten kohdalla vanhempien kanssa keskeiset tavoitteet kuntoutukselle. Verkostoty\u00f6 on osa kuntoutusta erityisesti lasten ja nuorten&#8230;<\/p>\n","protected":false},"author":1,"featured_media":0,"parent":0,"menu_order":5,"comment_status":"closed","ping_status":"closed","template":"","meta":{"_kadence_starter_templates_imported_post":false,"_kad_post_transparent":"","_kad_post_title":"","_kad_post_layout":"","_kad_post_sidebar_id":"","_kad_post_content_style":"","_kad_post_vertical_padding":"","_kad_post_feature":"","_kad_post_feature_position":"","_kad_post_header":false,"_kad_post_footer":false,"_kad_post_classname":"","footnotes":""},"class_list":["post-157","page","type-page","status-publish","hentry"],"_links":{"self":[{"href":"https:\/\/leaoja.fi\/index.php?rest_route=\/wp\/v2\/pages\/157","targetHints":{"allow":["GET"]}}],"collection":[{"href":"https:\/\/leaoja.fi\/index.php?rest_route=\/wp\/v2\/pages"}],"about":[{"href":"https:\/\/leaoja.fi\/index.php?rest_route=\/wp\/v2\/types\/page"}],"author":[{"embeddable":true,"href":"https:\/\/leaoja.fi\/index.php?rest_route=\/wp\/v2\/users\/1"}],"replies":[{"embeddable":true,"href":"https:\/\/leaoja.fi\/index.php?rest_route=%2Fwp%2Fv2%2Fcomments&post=157"}],"version-history":[{"count":4,"href":"https:\/\/leaoja.fi\/index.php?rest_route=\/wp\/v2\/pages\/157\/revisions"}],"predecessor-version":[{"id":181,"href":"https:\/\/leaoja.fi\/index.php?rest_route=\/wp\/v2\/pages\/157\/revisions\/181"}],"wp:attachment":[{"href":"https:\/\/leaoja.fi\/index.php?rest_route=%2Fwp%2Fv2%2Fmedia&parent=157"}],"curies":[{"name":"wp","href":"https:\/\/api.w.org\/{rel}","templated":true}]}}