{"id":192,"date":"2026-03-03T12:26:45","date_gmt":"2026-03-03T12:26:45","guid":{"rendered":"https:\/\/leaoja.fi\/public_html\/cgi-bin\/?page_id=192"},"modified":"2026-03-10T14:21:18","modified_gmt":"2026-03-10T14:21:18","slug":"tervetuloa-svenska","status":"publish","type":"page","link":"https:\/\/leaoja.fi\/?page_id=192&lang=sv","title":{"rendered":"V\u00e4lkommen"},"content":{"rendered":"\n<p>Jag heter Lea Oja, och jag \u00e4r neuropsykolog och psykoterapeut. Jag \u00e4r f\u00f6dd i Ule\u00e5borg och har finska som modersm\u00e5l. I min ungdom har jag bott n\u00e5gra \u00e5r i Sverige och studerat psykologi vid Stockholms Universitet. Jag slutf\u00f6rde mina studier vid Helsingfors Universitet och hade nordiska spr\u00e5k och pedagogik som bi\u00e4mne. Du \u00e4r hj\u00e4rtligt v\u00e4lkommen till min mottagning om du beh\u00f6ver neuropsykologisk handledning, rehabilitering eller psykoterapi, kortare eller l\u00e4nge perioder, live m\u00f6ten eller p\u00e5 distans.<\/p>\n\n\n\n<figure class=\"wp-block-image size-large\"><img loading=\"lazy\" decoding=\"async\" width=\"683\" height=\"1024\" src=\"https:\/\/leaoja.fi\/public_html\/cgi-bin\/wp-content\/uploads\/2026\/03\/610A5626-1-683x1024.jpg\" alt=\"\" class=\"wp-image-219\" srcset=\"https:\/\/leaoja.fi\/wp-content\/uploads\/2026\/03\/610A5626-1-683x1024.jpg 683w, https:\/\/leaoja.fi\/wp-content\/uploads\/2026\/03\/610A5626-1-200x300.jpg 200w, https:\/\/leaoja.fi\/wp-content\/uploads\/2026\/03\/610A5626-1-768x1152.jpg 768w, https:\/\/leaoja.fi\/wp-content\/uploads\/2026\/03\/610A5626-1-1024x1536.jpg 1024w, https:\/\/leaoja.fi\/wp-content\/uploads\/2026\/03\/610A5626-1-1365x2048.jpg 1365w, https:\/\/leaoja.fi\/wp-content\/uploads\/2026\/03\/610A5626-1-scaled.jpg 1707w\" sizes=\"auto, (max-width: 683px) 100vw, 683px\" \/><\/figure>\n","protected":false},"excerpt":{"rendered":"<p>Jag heter Lea Oja, och jag \u00e4r neuropsykolog och psykoterapeut. Jag \u00e4r f\u00f6dd i Ule\u00e5borg och har finska som modersm\u00e5l. I min ungdom har jag bott n\u00e5gra \u00e5r i Sverige och studerat psykologi vid Stockholms Universitet. Jag slutf\u00f6rde mina studier vid Helsingfors Universitet och hade nordiska spr\u00e5k och pedagogik som bi\u00e4mne. Du \u00e4r hj\u00e4rtligt v\u00e4lkommen&#8230;<\/p>\n","protected":false},"author":1,"featured_media":0,"parent":0,"menu_order":1,"comment_status":"closed","ping_status":"closed","template":"","meta":{"_kadence_starter_templates_imported_post":false,"_kad_post_transparent":"","_kad_post_title":"","_kad_post_layout":"","_kad_post_sidebar_id":"","_kad_post_content_style":"","_kad_post_vertical_padding":"","_kad_post_feature":"","_kad_post_feature_position":"","_kad_post_header":false,"_kad_post_footer":false,"_kad_post_classname":"","footnotes":""},"class_list":["post-192","page","type-page","status-publish","hentry"],"_links":{"self":[{"href":"https:\/\/leaoja.fi\/index.php?rest_route=\/wp\/v2\/pages\/192","targetHints":{"allow":["GET"]}}],"collection":[{"href":"https:\/\/leaoja.fi\/index.php?rest_route=\/wp\/v2\/pages"}],"about":[{"href":"https:\/\/leaoja.fi\/index.php?rest_route=\/wp\/v2\/types\/page"}],"author":[{"embeddable":true,"href":"https:\/\/leaoja.fi\/index.php?rest_route=\/wp\/v2\/users\/1"}],"replies":[{"embeddable":true,"href":"https:\/\/leaoja.fi\/index.php?rest_route=%2Fwp%2Fv2%2Fcomments&post=192"}],"version-history":[{"count":4,"href":"https:\/\/leaoja.fi\/index.php?rest_route=\/wp\/v2\/pages\/192\/revisions"}],"predecessor-version":[{"id":222,"href":"https:\/\/leaoja.fi\/index.php?rest_route=\/wp\/v2\/pages\/192\/revisions\/222"}],"wp:attachment":[{"href":"https:\/\/leaoja.fi\/index.php?rest_route=%2Fwp%2Fv2%2Fmedia&parent=192"}],"curies":[{"name":"wp","href":"https:\/\/api.w.org\/{rel}","templated":true}]}}